{"id":1305,"date":"2025-11-03T15:52:01","date_gmt":"2025-11-03T15:52:01","guid":{"rendered":"https:\/\/solaria.bravisthemes.com\/?page_id=1305"},"modified":"2025-12-29T16:18:30","modified_gmt":"2025-12-29T16:18:30","slug":"servicii","status":"publish","type":"page","link":"https:\/\/watttechnology.md\/en\/servicii\/","title":{"rendered":"Services"},"content":{"rendered":"<div data-elementor-type=\"wp-page\" data-elementor-id=\"1305\" class=\"elementor elementor-1305\">\n\t\t\t\t<div class=\"elementor-element elementor-element-1933c1f e-flex e-con-boxed pxl-column-none pxl-row-scroll-none pxl-zoom-point-false pxl-section-overflow-visible pxl-section-fix-none pxl-full-content-with-space-none pxl-bg-color-none pxl-backdrop-filter-disable pxl-section-overlay-none e-con e-parent\" data-id=\"1933c1f\" data-element_type=\"container\">\t\t\t<div class=\"e-con-inner\">\r\n\t\t\t\t<div class=\"elementor-element elementor-element-8314967 pxl-post-layout-service-1 elementor-widget elementor-widget-pxl_post_grid\" data-id=\"8314967\" data-element_type=\"widget\" data-widget_type=\"pxl_post_grid.default\">\n\t\t\t\t<div class=\"elementor-widget-container\">\n\t\t\t\t\t\r\n<div id=\"pxl_post_grid-8314967-5685\" class=\"pxl-grid pxl-service-grid pxl-service-grid-layout1\" data-start-page=\"1\" data-max-pages=\"1\" data-total=\"4\" data-perpage=\"6\" data-next-link=\"\" data-layout=\"masonry\">\r\n    \r\n    <div class=\"pxl-grid-inner pxl-grid-masonry row\" data-gutter=\"15\">\r\n                        <div class=\"pxl-grid-item col-xl-4 col-lg-4 col-md-6 col-sm-6 col-12\">\n                    <div class=\"pxl-post--inner\" data-wow-duration=\"1.2s\">\n                        <div class=\"pxl-post--featured hover-imge-effect3\">\n                            <a class=\"pxl-img-link\" href=\"https:\/\/watttechnology.md\/en\/service\/sisteme-fotovoltaice\/\">\n                                <div class=\"pxl-featured-img\">\n                                    <img fetchpriority=\"high\" decoding=\"async\" class=\"no-lazyload\" src=\"https:\/\/watttechnology.md\/wp-content\/uploads\/2025\/12\/WhatsApp-Image-2025-12-17-at-12.08.33-600x600.jpeg\" width=\"600\" height=\"600\" alt=\"WhatsApp Image 2025-12-17 at 12.08.33\" title=\"WhatsApp Image 2025-12-17 at 12.08.33\" \/>                                <\/div>\n                            <\/a>\n                        <\/div>\n                        <div class=\"pxl-post--holder\">\n                                                            <div class=\"pxl-post--btn\">\n                                    <a class=\"pxl-item-btn\" href=\"https:\/\/watttechnology.md\/en\/service\/sisteme-fotovoltaice\/\">\n                                        <svg version=\"1.0\" xmlns=\"http:\/\/www.w3.org\/2000\/svg\" width=\"20pt\" height=\"20pt\" viewbox=\"0 0 512.000000 512.000000\" preserveaspectratio=\"xMidYMid meet\">\n                                            <g transform=\"translate(0.000000,512.000000) scale(0.100000,-0.100000)\" fill=\"var(--bg-dark-1)\" stroke=\"none\">\n                                                <path d=\"M1516 5105 c-21 -7 -56 -31 -78 -52 -108 -105 -74 -290 64 -348 33 -13 198 -15 1453 -15 778 0 1415 -3 1415 -7 0 -5 -978 -987 -2174 -2183 -2048 -2050 -2174 -2178 -2186 -2222 -43 -164 104 -311 268 -268 44 12 172 138 2222 2186 1196 1196 2178 2174 2183 2174 4 0 7 -639 7 -1420 0 -1377 1 -1422 19 -1458 69 -135 247 -159 349 -48 22 24 46 62 51 84 8 28 10 551 9 1738 l-3 1699 -28 47 c-18 31 -44 57 -75 75 l-47 28 -1705 2 c-1434 2 -1711 0 -1744 -12z\"\/>\n                                            <\/g>\n                                        <\/svg>\n                                    <\/a>\n                                <\/div>\n                                                        <h4 class=\"pxl-post--title title-hover-line\">\n                                Photovoltaic systems                            <\/h4>\n                                                            <p class=\"pxl-item--content\">\n                                    Photovoltaic systems for residential and commercial consumption.                                <\/p>\n                                                    <\/div>\n                    <\/div>\n                <\/div>\n                                    <div class=\"pxl-grid-item col-xl-4 col-lg-4 col-md-6 col-sm-6 col-12\">\n                    <div class=\"pxl-post--inner\" data-wow-duration=\"1.2s\">\n                        <div class=\"pxl-post--featured hover-imge-effect3\">\n                            <a class=\"pxl-img-link\" href=\"https:\/\/watttechnology.md\/en\/service\/solutii-pentru-locuinte\/\">\n                                <div class=\"pxl-featured-img\">\n                                    <img decoding=\"async\" class=\"no-lazyload\" src=\"https:\/\/watttechnology.md\/wp-content\/uploads\/2025\/12\/472505188_1123316182711997_3198305934662886338_n-600x600.jpg\" width=\"600\" height=\"600\" alt=\"472505188_1123316182711997_3198305934662886338_n\" title=\"472505188_1123316182711997_3198305934662886338_n\" \/>                                <\/div>\n                            <\/a>\n                        <\/div>\n                        <div class=\"pxl-post--holder\">\n                                                            <div class=\"pxl-post--btn\">\n                                    <a class=\"pxl-item-btn\" href=\"https:\/\/watttechnology.md\/en\/service\/solutii-pentru-locuinte\/\">\n                                        <svg version=\"1.0\" xmlns=\"http:\/\/www.w3.org\/2000\/svg\" width=\"20pt\" height=\"20pt\" viewbox=\"0 0 512.000000 512.000000\" preserveaspectratio=\"xMidYMid meet\">\n                                            <g transform=\"translate(0.000000,512.000000) scale(0.100000,-0.100000)\" fill=\"var(--bg-dark-1)\" stroke=\"none\">\n                                                <path d=\"M1516 5105 c-21 -7 -56 -31 -78 -52 -108 -105 -74 -290 64 -348 33 -13 198 -15 1453 -15 778 0 1415 -3 1415 -7 0 -5 -978 -987 -2174 -2183 -2048 -2050 -2174 -2178 -2186 -2222 -43 -164 104 -311 268 -268 44 12 172 138 2222 2186 1196 1196 2178 2174 2183 2174 4 0 7 -639 7 -1420 0 -1377 1 -1422 19 -1458 69 -135 247 -159 349 -48 22 24 46 62 51 84 8 28 10 551 9 1738 l-3 1699 -28 47 c-18 31 -44 57 -75 75 l-47 28 -1705 2 c-1434 2 -1711 0 -1744 -12z\"\/>\n                                            <\/g>\n                                        <\/svg>\n                                    <\/a>\n                                <\/div>\n                                                        <h4 class=\"pxl-post--title title-hover-line\">\n                                Solutions for homes                            <\/h4>\n                                                            <p class=\"pxl-item--content\">\n                                    Efficient systems for homes, tailored to daily consumption and available space.                                <\/p>\n                                                    <\/div>\n                    <\/div>\n                <\/div>\n                                    <div class=\"pxl-grid-item col-xl-4 col-lg-4 col-md-6 col-sm-6 col-12\">\n                    <div class=\"pxl-post--inner\" data-wow-duration=\"1.2s\">\n                        <div class=\"pxl-post--featured hover-imge-effect3\">\n                            <a class=\"pxl-img-link\" href=\"https:\/\/watttechnology.md\/en\/service\/solutii-pentru-afaceri\/\">\n                                <div class=\"pxl-featured-img\">\n                                    <img decoding=\"async\" class=\"no-lazyload\" src=\"https:\/\/watttechnology.md\/wp-content\/uploads\/2025\/12\/WhatsApp-Image-2025-12-17-at-12.08.45-600x600.jpeg\" width=\"600\" height=\"600\" alt=\"WhatsApp Image 2025-12-17 at 12.08.45\" title=\"WhatsApp Image 2025-12-17 at 12.08.45\" \/>                                <\/div>\n                            <\/a>\n                        <\/div>\n                        <div class=\"pxl-post--holder\">\n                                                            <div class=\"pxl-post--btn\">\n                                    <a class=\"pxl-item-btn\" href=\"https:\/\/watttechnology.md\/en\/service\/solutii-pentru-afaceri\/\">\n                                        <svg version=\"1.0\" xmlns=\"http:\/\/www.w3.org\/2000\/svg\" width=\"20pt\" height=\"20pt\" viewbox=\"0 0 512.000000 512.000000\" preserveaspectratio=\"xMidYMid meet\">\n                                            <g transform=\"translate(0.000000,512.000000) scale(0.100000,-0.100000)\" fill=\"var(--bg-dark-1)\" stroke=\"none\">\n                                                <path d=\"M1516 5105 c-21 -7 -56 -31 -78 -52 -108 -105 -74 -290 64 -348 33 -13 198 -15 1453 -15 778 0 1415 -3 1415 -7 0 -5 -978 -987 -2174 -2183 -2048 -2050 -2174 -2178 -2186 -2222 -43 -164 104 -311 268 -268 44 12 172 138 2222 2186 1196 1196 2178 2174 2183 2174 4 0 7 -639 7 -1420 0 -1377 1 -1422 19 -1458 69 -135 247 -159 349 -48 22 24 46 62 51 84 8 28 10 551 9 1738 l-3 1699 -28 47 c-18 31 -44 57 -75 75 l-47 28 -1705 2 c-1434 2 -1711 0 -1744 -12z\"\/>\n                                            <\/g>\n                                        <\/svg>\n                                    <\/a>\n                                <\/div>\n                                                        <h4 class=\"pxl-post--title title-hover-line\">\n                                Business Solutions                            <\/h4>\n                                                            <p class=\"pxl-item--content\">\n                                    Photovoltaic projects for warehouses, offices, and commercial spaces.                                <\/p>\n                                                    <\/div>\n                    <\/div>\n                <\/div>\n                                    <div class=\"pxl-grid-item col-xl-4 col-lg-4 col-md-6 col-sm-6 col-12\">\n                    <div class=\"pxl-post--inner\" data-wow-duration=\"1.2s\">\n                        <div class=\"pxl-post--featured hover-imge-effect3\">\n                            <a class=\"pxl-img-link\" href=\"https:\/\/watttechnology.md\/en\/service\/consultanta-optimizare\/\">\n                                <div class=\"pxl-featured-img\">\n                                    <img loading=\"lazy\" decoding=\"async\" class=\"no-lazyload\" src=\"https:\/\/watttechnology.md\/wp-content\/uploads\/2025\/11\/bg_contact-600x600.webp\" width=\"600\" height=\"600\" alt=\"bg_contact\" title=\"bg_contact\" \/>                                <\/div>\n                            <\/a>\n                        <\/div>\n                        <div class=\"pxl-post--holder\">\n                                                            <div class=\"pxl-post--btn\">\n                                    <a class=\"pxl-item-btn\" href=\"https:\/\/watttechnology.md\/en\/service\/consultanta-optimizare\/\">\n                                        <svg version=\"1.0\" xmlns=\"http:\/\/www.w3.org\/2000\/svg\" width=\"20pt\" height=\"20pt\" viewbox=\"0 0 512.000000 512.000000\" preserveaspectratio=\"xMidYMid meet\">\n                                            <g transform=\"translate(0.000000,512.000000) scale(0.100000,-0.100000)\" fill=\"var(--bg-dark-1)\" stroke=\"none\">\n                                                <path d=\"M1516 5105 c-21 -7 -56 -31 -78 -52 -108 -105 -74 -290 64 -348 33 -13 198 -15 1453 -15 778 0 1415 -3 1415 -7 0 -5 -978 -987 -2174 -2183 -2048 -2050 -2174 -2178 -2186 -2222 -43 -164 104 -311 268 -268 44 12 172 138 2222 2186 1196 1196 2178 2174 2183 2174 4 0 7 -639 7 -1420 0 -1377 1 -1422 19 -1458 69 -135 247 -159 349 -48 22 24 46 62 51 84 8 28 10 551 9 1738 l-3 1699 -28 47 c-18 31 -44 57 -75 75 l-47 28 -1705 2 c-1434 2 -1711 0 -1744 -12z\"\/>\n                                            <\/g>\n                                        <\/svg>\n                                    <\/a>\n                                <\/div>\n                                                        <h4 class=\"pxl-post--title title-hover-line\">\n                                Consulting &amp; optimization                            <\/h4>\n                                                            <p class=\"pxl-item--content\">\n                                    Consumption analysis, technical recommendations, and optimization of existing systems.                                <\/p>\n                                                    <\/div>\n                    <\/div>\n                <\/div>\n                            <div class=\"grid-sizer col-xl-4 col-lg-4 col-md-6 col-sm-6 col-12\"><\/div>\r\n    <\/div>\r\n        <\/div>\t\t\t\t<\/div>\n\t\t\t\t<\/div>\n\t\t\t\t\t<\/div>\r\n\t\t\t\t<\/div>\r\n\t\t\t\t<\/div>","protected":false},"excerpt":{"rendered":"<p>Sisteme fotovoltaice Sisteme fotovoltaice pentru consum reziden\u021bial \u0219i comercial. Solu\u021bii pentru locuin\u021be Sisteme eficiente pentru case, adaptate consumului zilnic \u0219i spa\u021biului disponibil. Solu\u021bii pentru afaceri Proiecte fotovoltaice pentru hale, birouri \u0219i spa\u021bii comerciale. Consultan\u021b\u0103 &#038; optimizare Analiz\u0103 de consum, recomand\u0103ri tehnice \u0219i optimizare sisteme existente.<\/p>","protected":false},"author":1,"featured_media":0,"parent":0,"menu_order":0,"comment_status":"closed","ping_status":"closed","template":"","meta":{"footnotes":""},"class_list":["post-1305","page","type-page","status-publish","hentry"],"_hostinger_reach_plugin_has_subscription_block":false,"_hostinger_reach_plugin_is_elementor":false,"_links":{"self":[{"href":"https:\/\/watttechnology.md\/en\/wp-json\/wp\/v2\/pages\/1305","targetHints":{"allow":["GET"]}}],"collection":[{"href":"https:\/\/watttechnology.md\/en\/wp-json\/wp\/v2\/pages"}],"about":[{"href":"https:\/\/watttechnology.md\/en\/wp-json\/wp\/v2\/types\/page"}],"author":[{"embeddable":true,"href":"https:\/\/watttechnology.md\/en\/wp-json\/wp\/v2\/users\/1"}],"replies":[{"embeddable":true,"href":"https:\/\/watttechnology.md\/en\/wp-json\/wp\/v2\/comments?post=1305"}],"version-history":[{"count":16,"href":"https:\/\/watttechnology.md\/en\/wp-json\/wp\/v2\/pages\/1305\/revisions"}],"predecessor-version":[{"id":4637,"href":"https:\/\/watttechnology.md\/en\/wp-json\/wp\/v2\/pages\/1305\/revisions\/4637"}],"wp:attachment":[{"href":"https:\/\/watttechnology.md\/en\/wp-json\/wp\/v2\/media?parent=1305"}],"curies":[{"name":"wp","href":"https:\/\/api.w.org\/{rel}","templated":true}]}}